{"id":24751,"date":"2018-11-14T22:55:59","date_gmt":"2018-11-14T21:55:59","guid":{"rendered":"http:\/\/www.oaza.warszawa.pl\/wp\/?page_id=24751"},"modified":"2021-09-10T17:06:18","modified_gmt":"2021-09-10T16:06:18","slug":"diakonia-muzyczna-kontakt","status":"publish","type":"page","link":"https:\/\/www.oaza.warszawa.pl\/wp\/diakonie\/diakonia-muzyczna\/diakonia-muzyczna-kontakt\/","title":{"rendered":"Diakonia Muzyczna &#8211; Kontakt"},"content":{"rendered":"<p><strong>Moderator:<\/strong><\/p>\n<p><strong>Odpowiedzialni:\u00a0<\/strong>Julka Korycka,\u00a0Ada Bartosik\u00a0i Kuba Flaga<\/p>\n<p><strong>Sk\u0142ad:<\/strong><br \/>\nAsia i \u0141ukasz<br \/>\nSylwia<br \/>\nEwa i Andrzej<br \/>\nJulita i Bernard<br \/>\nKasia<br \/>\nMarta<br \/>\nJan<br \/>\nMonika<br \/>\nBoles\u0142aw<br \/>\nMarcin<br \/>\nAsia i Adrian<br \/>\nMagda<br \/>\nKrzysztof<br \/>\nEwa<br \/>\nTomasz<br \/>\nKarol<br \/>\nDominik<br \/>\nHubert<br \/>\nJakub<br \/>\nUla<br \/>\nKasia i Arek<br \/>\nMarta<br \/>\nMonika<br \/>\nAda<\/p>\n<p>Bezpo\u015brednio skontaktujesz si\u0119 z nami:<\/p>\n<p>Przez e-mail: <a href=\"&#x6d;&#x61;&#x69;&#x6c;&#x74;&#x6f;&#58;&#100;&#100;&#109;uzyc&#x7a;&#x6e;&#x61;&#x40;&#x67;&#x6d;&#97;&#105;&#108;&#46;&#99;om\">d&#100;&#109;&#x75;&#x7a;&#x79;&#x63;z&#110;&#97;&#64;&#x67;&#x6d;&#x61;il&#46;&#99;&#x6f;&#x6d;<\/a><\/p>\n<p>Przez facebook&#8217;a:\u00a0<a href=\"https:\/\/www.facebook.com\/ddmuzyczna\">facebook.com\/ddmuzyczna<\/a><\/p>\n","protected":false},"excerpt":{"rendered":"<div class=\"mh-excerpt\"><p>Moderator: Odpowiedzialni:\u00a0Julka Korycka,\u00a0Ada Bartosik\u00a0i Kuba Flaga Sk\u0142ad: Asia i \u0141ukasz Sylwia Ewa i Andrzej Julita i Bernard Kasia Marta Jan Monika Boles\u0142aw Marcin Asia i Adrian Magda Krzysztof Ewa Tomasz Karol Dominik Hubert Jakub Ula <a class=\"mh-excerpt-more\" href=\"https:\/\/www.oaza.warszawa.pl\/wp\/diakonie\/diakonia-muzyczna\/diakonia-muzyczna-kontakt\/\" title=\"Diakonia Muzyczna &#8211; Kontakt\">[&#8230;]<\/a><\/p>\n<\/div>","protected":false},"author":7732,"featured_media":0,"parent":25286,"menu_order":0,"comment_status":"closed","ping_status":"closed","template":"","meta":{"_monsterinsights_skip_tracking":false,"_monsterinsights_sitenote_active":false,"_monsterinsights_sitenote_note":"","_monsterinsights_sitenote_category":0,"footnotes":""},"class_list":["post-24751","page","type-page","status-publish"],"aioseo_notices":[],"publishpress_future_action":{"enabled":false,"date":"2026-04-20 01:53:30","action":"category","newStatus":"draft","terms":[],"taxonomy":""},"publishpress_future_workflow_manual_trigger":{"enabledWorkflows":[]},"_links":{"self":[{"href":"https:\/\/www.oaza.warszawa.pl\/wp\/wp-json\/wp\/v2\/pages\/24751","targetHints":{"allow":["GET"]}}],"collection":[{"href":"https:\/\/www.oaza.warszawa.pl\/wp\/wp-json\/wp\/v2\/pages"}],"about":[{"href":"https:\/\/www.oaza.warszawa.pl\/wp\/wp-json\/wp\/v2\/types\/page"}],"author":[{"embeddable":true,"href":"https:\/\/www.oaza.warszawa.pl\/wp\/wp-json\/wp\/v2\/users\/7732"}],"replies":[{"embeddable":true,"href":"https:\/\/www.oaza.warszawa.pl\/wp\/wp-json\/wp\/v2\/comments?post=24751"}],"version-history":[{"count":11,"href":"https:\/\/www.oaza.warszawa.pl\/wp\/wp-json\/wp\/v2\/pages\/24751\/revisions"}],"predecessor-version":[{"id":28075,"href":"https:\/\/www.oaza.warszawa.pl\/wp\/wp-json\/wp\/v2\/pages\/24751\/revisions\/28075"}],"up":[{"embeddable":true,"href":"https:\/\/www.oaza.warszawa.pl\/wp\/wp-json\/wp\/v2\/pages\/25286"}],"wp:attachment":[{"href":"https:\/\/www.oaza.warszawa.pl\/wp\/wp-json\/wp\/v2\/media?parent=24751"}],"curies":[{"name":"wp","href":"https:\/\/api.w.org\/{rel}","templated":true}]}}